{"id":58,"date":"2025-03-19T17:33:18","date_gmt":"2025-03-19T16:33:18","guid":{"rendered":"https:\/\/bluraymods.it\/?page_id=58"},"modified":"2025-03-19T17:33:18","modified_gmt":"2025-03-19T16:33:18","slug":"spedizioni","status":"publish","type":"page","link":"https:\/\/www.bluraymods.it\/en\/spedizioni\/","title":{"rendered":"Spedizioni"},"content":{"rendered":"<p><strong><font color=\"blue\">Spedizioni<\/font><\/strong><\/p>\n<p>La merce sar\u00e0 spedita all\u2019indirizzo indicato dal cliente in fase di  registrazione. Durante le fasi di acquisto il cliente potr\u00e0 richiedere  di ricevere la merce ad un indirizzo diverso da quello di registrazione o  fatturazione. La spedizione dei prodotti avviene durante tutti i giorni  lavorativi. Appena partita la merce invieremo al cliente un e-mail di  conferma e il codice per tracciare la spedizione. I corrieri utilizzati  non effettuano consegne in orari particolari richiesti dal cliente, se  il corriere non pu\u00f2 consegnare la merce per assenza del cliente, lascer\u00e0  un avviso nella buca e ripasser\u00e0 il giorno seguente. Senza che ci\u00f2  comporti alcun vincolo da parte del nostro staff e salvo la  disponibilit\u00e0 sul mercato dei prodotti oltre ad eventuali cause di forza  maggiore, la merce verr\u00e0 consegnata al corriere entro 5 gg lavorativi  dalla ricezione del pagamento. I costi di spedizione dipendono dal peso  dei prodotti, prima di confermare l\u2019ordine potrete visualizzare la  tariffa di spedizione in base agli articoli presenti nel carrello. I  tempi di consegna dipendono dalla disponibilit\u00e0 del prodotto, dalle  modalit\u00e0 di spedizione e dal vettore utilizzato. I tempi di evasione  degli ordini da noi dichiarati rispecchiano le indicazioni forniteci dai  nostri fornitori; in caso di variazione di tali date, il nostro staff  provveder\u00e0 ad informare il cliente, il quale potr\u00e0 accettare: il nuovo  termine, un prodotto sostitutivo oppure disdire l\u2019ordine ed ottenere  (nel caso abbia gi\u00e0 provveduto al pagamento) la restituzione  dell\u2019importo senza ulteriori oneri a nostro carico.<\/p>\n<p>In funzione della zona di consegna utilizziamo i vettori BRT, SDA (Diretto o su servizio Chrono di Poste Italiane) ed UPS per l&#8217;Italia, SDA, UPS e DPD per l&#8217; Europa.<\/p>\n<p><\/p>\n<p><strong><font color=\"blue\">Imballaggio<\/font><\/strong><\/p>\n<p>Tutti i pacchi spediti vengono imbottiti con materiali antiurto per  garantirne l\u2019arrivo al destinatario in condizioni integre, tuttavia il  cliente \u00e8 tenuto a verificare che il pacco non sia danneggiato. In caso  di danni visivi il cliente non dovr\u00e0 accettare il pacco, dovr\u00e0 sollevare  una contestazione al corriere e avvisare noi dell\u2019accaduto. Durante la  fase di ordine dal sito il cliente potr\u00e0 se lo desidera richiedere  l\u2019assicurazione della merce, pagando la relativa tariffa.<\/p>\n<p><\/p>\n<p><strong><font color=\"blue\">Condizioni<\/font><\/strong><\/p>\n<p>I costi di spedizione sono sempre <strong>IVA 22% inclusa<\/strong>.<\/p>\n<p>Alcuni CAP sono considerati zone disagiate, sono localit\u00e0  particolarmente difficili da raggiungere per i corrieri; per questo  motivo alle spedizioni che partono o arrivano in queste zone viene  applicato un sovraprezzo, che varia a seconda dell\u2019operatore. Solo in  questi casi l&#8217;eventuale sovraprezzo sar\u00e0 comunicato successivamente al  ricevimento dell&#8217;ordine.<br \/> I tempi di spedizione indicati sono forniti dal gestore del servizio, eventuali ritardi non sono prevedibili o imputabili a noi.<br \/> Il costo della spedizione viene calcolato automaticamente al momento del  checkout prima di effettuare l&#8217;ordine, ed \u00e8 visibile anche nella pagina  del Carrello e nel dettaglio Prodotto.<br \/> <strong>Non si effettuano spedizioni in Contrassegno, Porto Assegnato, Fermo Deposito.<\/strong><\/p>\n<p><\/p>\n<p><strong><font color=\"blue\">Tempistica<\/font><\/strong><\/p>\n<p>I tempi di evasione della merce variano per ogni prodotto e sono  indicati all&#8217;interno dell&#8217;annuncio di vendita. Gli stessi decorrono  sempre dalla ricezione del pagamento. Spedita la merce, il corriere  impiegher\u00e0 di norma 48 ore per consegnare la merce, fatta eccezione per  le isole e le zone scarsamente collegate per le quali impiegher\u00e0 di  norma 48 ore. Una volta effettuato l&#8217;ordine con il relativo pagamento  potrai monitorare il suo stato accedendo alla tua area personale  utilizzando nome utente e password inseriti durante la registrazione. In  questo modo saprai sempre in tempo reale lo stato del tuo ordine.<br \/> Ogni modifica allo stato del&#8217;ordine viene comunicato mediante una mail generata automaticamente.<br \/> Il processo di evasione dell&#8217;ordine termina con la spedizione dello  stesso indicato mediante un&#8217;ultima mail automatica contenente le  informazioni necessarie per monitorare la spedizione e prevederne la  consegna.<\/p>\n","protected":false},"excerpt":{"rendered":"<p>Spedizioni La merce sar\u00e0 spedita all\u2019indirizzo indicato dal cliente in fase di registrazione. Durante le fasi di acquisto il cliente potr\u00e0 richiedere di ricevere la merce ad un indirizzo diverso da quello di registrazione o fatturazione. La spedizione dei prodotti avviene durante tutti i giorni lavorativi. Appena partita la merce invieremo al cliente un e-mail [&hellip;]<\/p>\n","protected":false},"author":1,"featured_media":0,"parent":0,"menu_order":2,"comment_status":"closed","ping_status":"closed","template":"","meta":{"_acf_changed":false,"footnotes":""},"class_list":["post-58","page","type-page","status-publish","hentry"],"acf":[],"_links":{"self":[{"href":"https:\/\/www.bluraymods.it\/en\/wp-json\/wp\/v2\/pages\/58","targetHints":{"allow":["GET"]}}],"collection":[{"href":"https:\/\/www.bluraymods.it\/en\/wp-json\/wp\/v2\/pages"}],"about":[{"href":"https:\/\/www.bluraymods.it\/en\/wp-json\/wp\/v2\/types\/page"}],"author":[{"embeddable":true,"href":"https:\/\/www.bluraymods.it\/en\/wp-json\/wp\/v2\/users\/1"}],"replies":[{"embeddable":true,"href":"https:\/\/www.bluraymods.it\/en\/wp-json\/wp\/v2\/comments?post=58"}],"version-history":[{"count":0,"href":"https:\/\/www.bluraymods.it\/en\/wp-json\/wp\/v2\/pages\/58\/revisions"}],"wp:attachment":[{"href":"https:\/\/www.bluraymods.it\/en\/wp-json\/wp\/v2\/media?parent=58"}],"curies":[{"name":"wp","href":"https:\/\/api.w.org\/{rel}","templated":true}]}}